{"id":6144,"date":"2020-12-02T17:20:00","date_gmt":"2020-12-02T17:20:00","guid":{"rendered":"http:\/\/tanzkollektivbremen.de\/?page_id=6144"},"modified":"2026-01-27T16:56:32","modified_gmt":"2026-01-27T15:56:32","slug":"kollektiv","status":"publish","type":"page","link":"https:\/\/tanzkollektivbremen.de\/en\/kollektiv\/","title":{"rendered":"Collective"},"content":{"rendered":"<div class=\"wp-block-group\"><div class=\"wp-block-group__inner-container is-layout-flow wp-block-group-is-layout-flow\">\n<div class=\"wp-block-columns is-layout-flex wp-container-core-columns-is-layout-9d6595d7 wp-block-columns-is-layout-flex\">\n<div class=\"wp-block-column is-vertically-aligned-center is-layout-flow wp-block-column-is-layout-flow\"><div class=\"wp-block-image is-style-default\">\n<figure class=\"aligncenter size-large is-resized\"><img loading=\"lazy\" decoding=\"async\" width=\"1024\" height=\"683\" src=\"http:\/\/tanzkollektivbremen.de\/wp-content\/uploads\/2024\/12\/DSCF1231-Bearbeitet_c_Daniela_Buchholz-1024x683.jpg\" alt=\"\" class=\"wp-image-7360\" style=\"aspect-ratio:1.499270738206989;width:502px;height:auto\" srcset=\"https:\/\/tanzkollektivbremen.de\/wp-content\/uploads\/2024\/12\/DSCF1231-Bearbeitet_c_Daniela_Buchholz-1024x683.jpg 1024w, https:\/\/tanzkollektivbremen.de\/wp-content\/uploads\/2024\/12\/DSCF1231-Bearbeitet_c_Daniela_Buchholz-300x200.jpg 300w, https:\/\/tanzkollektivbremen.de\/wp-content\/uploads\/2024\/12\/DSCF1231-Bearbeitet_c_Daniela_Buchholz-768x512.jpg 768w, https:\/\/tanzkollektivbremen.de\/wp-content\/uploads\/2024\/12\/DSCF1231-Bearbeitet_c_Daniela_Buchholz-1536x1024.jpg 1536w, https:\/\/tanzkollektivbremen.de\/wp-content\/uploads\/2024\/12\/DSCF1231-Bearbeitet_c_Daniela_Buchholz-2048x1365.jpg 2048w, https:\/\/tanzkollektivbremen.de\/wp-content\/uploads\/2024\/12\/DSCF1231-Bearbeitet_c_Daniela_Buchholz-18x12.jpg 18w\" sizes=\"auto, (max-width: 1024px) 100vw, 1024px\" \/><\/figure>\n<\/div><\/div>\n\n\n\n<div class=\"wp-block-column is-vertically-aligned-stretch is-layout-flow wp-block-column-is-layout-flow\">\n<h2 class=\"wp-block-heading\">Collective<\/h2>\n\n\n\n<hr class=\"wp-block-separator has-css-opacity is-style-wide\"\/>\n\n\n\n<p class=\"translation-block\">TanzKollektivBremen (TKB) is a platform for contemporary dance. Currently, the dancers and choreographers <a href=\"https:\/\/tanzkollektivbremen.de\/en\/magali-sander-fett\/\" data-type=\"page\" data-id=\"6234\" target=\"_self\">Magali Sander Fett<\/a> and <a href=\"https:\/\/tanzkollektivbremen.de\/en\/neues-ledesma-vidal\/\" data-type=\"page\" data-id=\"6971\" target=\"_self\">Neus Ledesma Vidal<\/a>, as well as the dramaturge <a href=\"https:\/\/tanzkollektivbremen.de\/en\/judith-strotdkoetter\/\" data-type=\"page\" data-id=\"6962\" target=\"_self\">Judith Strodtk\u00f6tter<\/a> and the cultural manager <a href=\"https:\/\/tanzkollektivbremen.de\/en\/ulrike-osten\/\" data-type=\"page\" data-id=\"6959\" target=\"_self\">Ulrike Osten<\/a> are involved in the collective.<\/p>\n\n\n\n<p>The TKB was founded in 2013 by Tomas B\u00fcnger, Magali Sander Fett and Miroslaw \u017bydowicz. Based on the own, very different biographies of the performers, the work of the TKB is always about the dance-like examination of reality and the relevance and expressions of the body in society. In joint artistic research, new performative formats are created on stage, but also in completely different spaces. From 2020 to 2022, the dancers were housemates in the Schwankhalle Bremen. With this model, the Schwankhalle Bremen intensified and consolidated its cooperation with the TKB. In the 2024\/ 2025 season, they are residents at the Center for Art Bremen.<\/p>\n<\/div>\n<\/div>\n<\/div><\/div>\n\n\n\n<div style=\"height:35px\" aria-hidden=\"true\" class=\"wp-block-spacer\"><\/div>\n\n\n\n<div class=\"wp-block-columns is-layout-flex wp-container-core-columns-is-layout-9d6595d7 wp-block-columns-is-layout-flex\">\n<div class=\"wp-block-column is-layout-flow wp-block-column-is-layout-flow\">\n<h2 class=\"wp-block-heading\">Cooperations<\/h2>\n\n\n\n<hr class=\"wp-block-separator has-css-opacity is-style-wide\"\/>\n\n\n\n<p class=\"translation-block\">The TKB seeks contact with other arts and milieus and repeatedly enters into cooperations with other artists and groups. The musicians and sound designers <a href=\"http:\/\/www.riccardocastagnola.com\" target=\"_self\">Riccardo Castagnola<\/a> and iona W. as well as the set designer and video artist Till Botterweck (<a href=\"http:\/\/urbanscreen.com\" target=\"_self\">URBANSCREEN<\/a>) work as guests.<\/p>\n\n\n\n<div style=\"height:35px\" aria-hidden=\"true\" class=\"wp-block-spacer\"><\/div>\n\n\n\n<h2 class=\"wp-block-heading\">Partners<\/h2>\n\n\n\n<hr class=\"wp-block-separator has-css-opacity is-style-wide\"\/>\n\n\n\n<div class=\"wp-block-columns is-not-stacked-on-mobile is-layout-flex wp-container-core-columns-is-layout-9d6595d7 wp-block-columns-is-layout-flex\">\n<div class=\"wp-block-column is-layout-flow wp-block-column-is-layout-flow\">\n<p><a href=\"https:\/\/theaterbremen.de\">Theater Bremen<\/a><\/p>\n\n\n\n<p><a href=\"http:\/\/www.schwankhalle.de\">Schwankhalle Bremen<\/a><\/p>\n\n\n\n<p><a href=\"https:\/\/www.kunsthalle-bremen.de\">Kunsthalle Bremen<\/a><\/p>\n\n\n\n<p><a href=\"https:\/\/steptext.de\/\">steptext dance project<\/a><\/p>\n<\/div>\n\n\n\n<div class=\"wp-block-column is-layout-flow wp-block-column-is-layout-flow\">\n<p><a href=\"http:\/\/www.ensemblenewbabylon.com\">Ensemble New Babylon<\/a><\/p>\n\n\n\n<p><a href=\"http:\/\/jugendhaus-horn-lehe.de\/\">Jugendhaus Horn-Lehe<\/a><\/p>\n\n\n\n<p>effect gGmbH<\/p>\n<\/div>\n<\/div>\n<\/div>\n\n\n\n<div class=\"wp-block-column is-layout-flow wp-block-column-is-layout-flow\">\n<h2 class=\"wp-block-heading\">Guests<\/h2>\n\n\n\n<hr class=\"wp-block-separator has-css-opacity is-style-wide\"\/>\n\n\n\n<div class=\"wp-block-columns is-not-stacked-on-mobile is-layout-flex wp-container-core-columns-is-layout-9d6595d7 wp-block-columns-is-layout-flex\">\n<div class=\"wp-block-column is-layout-flow wp-block-column-is-layout-flow\">\n<p>Frauke Scharf<\/p>\n\n\n\n<p><a href=\"https:\/\/www.lillybosse.com\/\" target=\"_blank\" rel=\"noreferrer noopener\">Lilly Bosse<\/a><\/p>\n\n\n\n<p>Katja Fritzsche<\/p>\n\n\n\n<p><a href=\"http:\/\/www.antonrudakov.com\/\" target=\"_blank\" rel=\"noreferrer noopener\">Anton Rudakow<\/a><\/p>\n\n\n\n<p><a href=\"https:\/\/www.thord1s.com\/\">Thord1s<\/a><\/p>\n<\/div>\n\n\n\n<div class=\"wp-block-column is-layout-flow wp-block-column-is-layout-flow\">\n<p><a href=\"https:\/\/miriamroeder.de\/\" target=\"_blank\" rel=\"noreferrer noopener\">Miriam R\u00f6der<\/a><\/p>\n\n\n\n<p><a href=\"https:\/\/gabriela-valdespino.hfk-bremen.de\/\" target=\"_blank\" rel=\"noreferrer noopener\">Gabriela Valdespino<\/a><\/p>\n\n\n\n<p><a href=\"https:\/\/sina-behnke.de\/\" target=\"_blank\" rel=\"noreferrer noopener\">Sina Behnke<\/a><\/p>\n\n\n\n<p><a href=\"https:\/\/www.jorgejulve.com\/\">Jorge Julve<\/a><\/p>\n\n\n\n<p><a href=\"https:\/\/www.lasubita.com\/\">La S\u00fabita<\/a><\/p>\n<\/div>\n<\/div>\n<\/div>\n<\/div>\n\n\n\n<div style=\"height:70px\" aria-hidden=\"true\" class=\"wp-block-spacer\"><\/div>","protected":false},"excerpt":{"rendered":"<p>Das TanzKollektivBremen (TKB) versteht sich als Plattform f\u00fcr zeitgen\u00f6ssischen Tanz und wurde 2013 von Tomas B\u00fcnger, Magali Sander Fett und Miroslaw \u017bydowicz gegr\u00fcndet. <\/p>","protected":false},"author":6,"featured_media":0,"parent":0,"menu_order":0,"comment_status":"closed","ping_status":"closed","template":"","meta":{"footnotes":""},"class_list":["post-6144","page","type-page","status-publish","hentry"],"_links":{"self":[{"href":"https:\/\/tanzkollektivbremen.de\/en\/wp-json\/wp\/v2\/pages\/6144","targetHints":{"allow":["GET"]}}],"collection":[{"href":"https:\/\/tanzkollektivbremen.de\/en\/wp-json\/wp\/v2\/pages"}],"about":[{"href":"https:\/\/tanzkollektivbremen.de\/en\/wp-json\/wp\/v2\/types\/page"}],"author":[{"embeddable":true,"href":"https:\/\/tanzkollektivbremen.de\/en\/wp-json\/wp\/v2\/users\/6"}],"replies":[{"embeddable":true,"href":"https:\/\/tanzkollektivbremen.de\/en\/wp-json\/wp\/v2\/comments?post=6144"}],"version-history":[{"count":177,"href":"https:\/\/tanzkollektivbremen.de\/en\/wp-json\/wp\/v2\/pages\/6144\/revisions"}],"predecessor-version":[{"id":7844,"href":"https:\/\/tanzkollektivbremen.de\/en\/wp-json\/wp\/v2\/pages\/6144\/revisions\/7844"}],"wp:attachment":[{"href":"https:\/\/tanzkollektivbremen.de\/en\/wp-json\/wp\/v2\/media?parent=6144"}],"curies":[{"name":"wp","href":"https:\/\/api.w.org\/{rel}","templated":true}]}}