{"id":4909,"date":"2015-01-14T23:19:22","date_gmt":"2015-01-14T23:19:22","guid":{"rendered":"http:\/\/tanzkollektivbremen.de\/?page_id=4909"},"modified":"2026-01-27T16:51:44","modified_gmt":"2026-01-27T15:51:44","slug":"impressum","status":"publish","type":"page","link":"https:\/\/tanzkollektivbremen.de\/en\/impressum\/","title":{"rendered":"Imprint"},"content":{"rendered":"<h2 class=\"wp-block-heading\">Imprint<\/h2>\n\n\n\n<hr class=\"wp-block-separator has-alpha-channel-opacity\"\/>\n\n\n\n<div style=\"height:20px\" aria-hidden=\"true\" class=\"wp-block-spacer\"><\/div>\n\n\n\n<div class=\"wp-block-columns is-layout-flex wp-container-core-columns-is-layout-9d6595d7 wp-block-columns-is-layout-flex\">\n<div class=\"wp-block-column is-layout-flow wp-block-column-is-layout-flow\" style=\"flex-basis:33.33%\">\n<h3 class=\"wp-block-heading\">Information according to \u00a7 5 TMG:<\/h3>\n\n\n\n<hr class=\"wp-block-separator has-css-opacity is-style-wide\"\/>\n\n\n\n<p>Ulrike Osten<\/p>\n\n\n\n<p>Schopenhauerstra\u00dfe 42<\/p>\n\n\n\n<p>28201 Bremen<\/p>\n\n\n\n<p><a href=\"mailto:kontakt@tanzkollektivbremen.de\">kontakt@tanzkollektivbremen.de<\/a><\/p>\n<\/div>\n\n\n\n<div class=\"wp-block-column is-layout-flow wp-block-column-is-layout-flow\" style=\"flex-basis:66.66%\">\n<h3 class=\"wp-block-heading\">Image rights &amp; design etc.<\/h3>\n\n\n\n<hr class=\"wp-block-separator has-css-opacity is-style-wide\"\/>\n\n\n\n<p>Photos by: Frank H\u00f6per, Till Botterweck, J\u00f6rg Landsberg, Daniela Buchholz, Marianne Menke<\/p>\n\n\n\n<p>Website support: Eike Buff<\/p>\n\n\n\n<p>Font: Sen by Kosal Sen, Philatype<\/p>\n\n\n\n<p>Website created with: WordPress &amp; River Theme by QODE<\/p>\n\n\n\n<p>Imprint after a submission: <a rel=\"noreferrer noopener\" href=\"http:\/\/www.e-recht24.de\" target=\"_blank\">http:\/\/www.e-recht24.de<\/a><\/p>\n\n\n\n<p class=\"translation-block\">Funded by <a href=\"http:\/\/www.kreativ-transfer.de\/home\" target=\"_blank\" rel=\"noreferrer noopener\">Kreativ-Transfer<\/a>, from funds of the Federal Government Commissioner for Culture and Media<\/p>\n<\/div>\n<\/div>\n\n\n\n<div style=\"height:35px\" aria-hidden=\"true\" class=\"wp-block-spacer\"><\/div>\n\n\n\n<h2 class=\"wp-block-heading\">Disclaimer of liability<\/h2>\n\n\n\n<hr class=\"wp-block-separator has-alpha-channel-opacity\"\/>\n\n\n\n<div style=\"height:20px\" aria-hidden=\"true\" class=\"wp-block-spacer\"><\/div>\n\n\n\n<div class=\"wp-block-columns is-layout-flex wp-container-core-columns-is-layout-9d6595d7 wp-block-columns-is-layout-flex\">\n<div class=\"wp-block-column is-layout-flow wp-block-column-is-layout-flow\">\n<h3 class=\"wp-block-heading\"> Liability for content <\/h3>\n\n\n\n<hr class=\"wp-block-separator has-css-opacity\"\/>\n\n\n\n<p> As a service provider, we are responsible for our own content on these pages according to \u00a7 7 Abs.1 TMG according to the general laws. However, according to \u00a7\u00a7 8 to 10 TMG, we as a service provider are not obliged to monitor transmitted or stored third-party information or to investigate circumstances that indicate illegal activity. Obligations to remove or block the use of information in accordance with the general laws remain unaffected. However, liability in this regard is only possible from the time of knowledge of a concrete infringement. Upon becoming aware of corresponding infringements, we will remove this content immediately. <\/p>\n<\/div>\n\n\n\n<div class=\"wp-block-column is-layout-flow wp-block-column-is-layout-flow\">\n<h3 class=\"wp-block-heading\"> Copyright <\/h3>\n\n\n\n<hr class=\"wp-block-separator has-css-opacity\"\/>\n\n\n\n<p>The content and works created by the site operators on these pages are subject to German copyright law. The duplication, editing, distribution and any kind of exploitation outside the limits of copyright law require the written consent of the respective author or. Creators. Downloads and copies of this page are only permitted for private, non-commercial use. Insofar as the content on this page was not created by the operator, the copyrights of third parties are observed. In particular, third-party content is marked as such. Should you still become aware of a copyright infringement, we ask for a corresponding notice. Upon becoming aware of infringements, we will remove such content immediately. <\/p>\n<\/div>\n\n\n\n<div class=\"wp-block-column is-layout-flow wp-block-column-is-layout-flow\">\n<h3 class=\"wp-block-heading\"> Liability for links <\/h3>\n\n\n\n<hr class=\"wp-block-separator has-css-opacity\"\/>\n\n\n\n<p> Our offer contains links to external websites of third parties, on whose content we have no influence. Therefore, we cannot assume any liability for this external content. The respective provider or operator of the pages is always responsible for the content of the linked pages. The linked pages were checked for possible legal violations at the time of the link. Unlawful content was not recognizable at the time of the link. However, a permanent control of the content of the linked pages is not reasonable without concrete indications of a violation of the law. If we become aware of legal violations, we will remove such links immediately. <\/p>\n<\/div>\n<\/div>\n\n\n\n<div style=\"height:70px\" aria-hidden=\"true\" class=\"wp-block-spacer\"><\/div>","protected":false},"excerpt":{"rendered":"<p>Impressum Angaben gem\u00e4\u00df \u00a7 5 TMG: Ulrike Osten Schopenhauerstra\u00dfe 42 28201 Bremen kontakt@tanzkollektivbremen.de Bildrechte &amp; Gestaltung etc. Fotos von: Frank H\u00f6per, Till Botterweck, J\u00f6rg Landsberg, Daniela Buchholz, Marianne Menke Betreuung der Website: Eike Buff Schrift: Sen by Kosal Sen, Philatype Website erstellt mit: WordPress &amp;&#8230;<\/p>","protected":false},"author":1,"featured_media":0,"parent":0,"menu_order":0,"comment_status":"closed","ping_status":"closed","template":"","meta":{"footnotes":""},"class_list":["post-4909","page","type-page","status-publish","hentry"],"_links":{"self":[{"href":"https:\/\/tanzkollektivbremen.de\/en\/wp-json\/wp\/v2\/pages\/4909","targetHints":{"allow":["GET"]}}],"collection":[{"href":"https:\/\/tanzkollektivbremen.de\/en\/wp-json\/wp\/v2\/pages"}],"about":[{"href":"https:\/\/tanzkollektivbremen.de\/en\/wp-json\/wp\/v2\/types\/page"}],"author":[{"embeddable":true,"href":"https:\/\/tanzkollektivbremen.de\/en\/wp-json\/wp\/v2\/users\/1"}],"replies":[{"embeddable":true,"href":"https:\/\/tanzkollektivbremen.de\/en\/wp-json\/wp\/v2\/comments?post=4909"}],"version-history":[{"count":71,"href":"https:\/\/tanzkollektivbremen.de\/en\/wp-json\/wp\/v2\/pages\/4909\/revisions"}],"predecessor-version":[{"id":7843,"href":"https:\/\/tanzkollektivbremen.de\/en\/wp-json\/wp\/v2\/pages\/4909\/revisions\/7843"}],"wp:attachment":[{"href":"https:\/\/tanzkollektivbremen.de\/en\/wp-json\/wp\/v2\/media?parent=4909"}],"curies":[{"name":"wp","href":"https:\/\/api.w.org\/{rel}","templated":true}]}}