{"id":6234,"date":"2020-12-18T13:27:24","date_gmt":"2020-12-18T13:27:24","guid":{"rendered":"http:\/\/tanzkollektivbremen.de\/?page_id=6234"},"modified":"2026-01-23T17:36:54","modified_gmt":"2026-01-23T16:36:54","slug":"magali-sander-fett","status":"publish","type":"page","link":"http:\/\/tanzkollektivbremen.de\/en\/magali-sander-fett\/","title":{"rendered":"Magali Sander Fett"},"content":{"rendered":"<div class=\"wp-block-columns is-layout-flex wp-container-core-columns-is-layout-9d6595d7 wp-block-columns-is-layout-flex\">\n<div class=\"wp-block-column is-layout-flow wp-block-column-is-layout-flow\">\n<div style=\"height:20px\" aria-hidden=\"true\" class=\"wp-block-spacer\"><\/div>\n\n\n\n<figure class=\"wp-block-image size-large\"><a href=\"http:\/\/tanzkollektivbremen.de\/wp-content\/uploads\/2025\/05\/DSCF1553-Bearbeitet_c_Daniela_Buchholz-scaled.jpg\"><img loading=\"lazy\" decoding=\"async\" width=\"1921\" height=\"2560\" src=\"http:\/\/tanzkollektivbremen.de\/wp-content\/uploads\/2025\/05\/DSCF1553-Bearbeitet_c_Daniela_Buchholz-edited-scaled.jpg\" alt=\"\" class=\"wp-image-7568\" srcset=\"https:\/\/tanzkollektivbremen.de\/wp-content\/uploads\/2025\/05\/DSCF1553-Bearbeitet_c_Daniela_Buchholz-edited-scaled.jpg 1921w, https:\/\/tanzkollektivbremen.de\/wp-content\/uploads\/2025\/05\/DSCF1553-Bearbeitet_c_Daniela_Buchholz-edited-225x300.jpg 225w, https:\/\/tanzkollektivbremen.de\/wp-content\/uploads\/2025\/05\/DSCF1553-Bearbeitet_c_Daniela_Buchholz-edited-768x1023.jpg 768w, https:\/\/tanzkollektivbremen.de\/wp-content\/uploads\/2025\/05\/DSCF1553-Bearbeitet_c_Daniela_Buchholz-edited-1153x1536.jpg 1153w, https:\/\/tanzkollektivbremen.de\/wp-content\/uploads\/2025\/05\/DSCF1553-Bearbeitet_c_Daniela_Buchholz-edited-1537x2048.jpg 1537w, https:\/\/tanzkollektivbremen.de\/wp-content\/uploads\/2025\/05\/DSCF1553-Bearbeitet_c_Daniela_Buchholz-edited-9x12.jpg 9w\" sizes=\"auto, (max-width: 1921px) 100vw, 1921px\" \/><\/a><\/figure>\n<\/div>\n\n\n\n<div class=\"wp-block-column is-layout-flow wp-block-column-is-layout-flow\">\n<h2 class=\"wp-block-heading\">Magali Sander Fett<\/h2>\n\n\n\n<hr class=\"wp-block-separator has-css-opacity\"\/>\n\n\n\n<p>Magali Sander Fett, born in Brazil, studied communication sciences and completed a ballet training in Porto Alegre. She then studied dance at the Folkwang University in Essen. She worked with various choreographers with Rodolpho Leoni, Susanne Linke, Emanuel Gat and Tero Saarinen. From 2000 to 2012 she belonged to the ensemble of the Bremen Tanztheater under the direction of Urs Dietrich. In 2013\/2014 she was a performer at Gintersdorfer\/Klassen and Jochen Roller. Since 2013 guest dancer at the Tanztheater Erfurt under the direction of Ester Ambrosino and at steptext dance project (Helge Letonja). 2014 Premiere of her pieces \u201cStreet Art Project \u2013 Allowed to play\u201d in the Schwankhalle Bremen and \u201cCorvus\u2013Second Nature\u201d at the Theater Bremen, produced by TanzKollektivBremen. In 2015 she was engaged as a choreographer and director for the short film project \u203aPostcards for Bremerhaven\u2039 and received a residency scholarship in the Choreographischer Center Heidelberg for the production In cooperation with the Theater Bremen, she developed a performance on the visual artistic work of Johann Kresnik in 2018. In 2018, her choreography \u201cAnne, Hale, B\u00e9la &amp; Maria\u201d was shown at the Tanztreffen der Jugend. In 2019, she developed the performance \u201c2D- dimensions\u201d for the works of the exhibition \u201cIkonen \u2013 Was Wir Menschenten\u201d, which was performed in the Kunsthalle Bremen. In 2021, \u201cKick &amp; Rush!\u201d came on the football field of ATS Buntentor Bremen and 2022, \u201cK\u00f6rperschau\u201d, a dance intervention in relation to works of the exhibition \u201cCKD \u2013 Completely knocked down (Recife Bremen Connection)\u201d at the St\u00e4dtische Galerie Bremen. She is a guest lecturer at the Hochschule f\u00fcr K\u00fcnste im Soziales Ottersberg and teaches at Tanzwerk Bremen. <\/p>\n\n\n\n<div style=\"height:20px\" aria-hidden=\"true\" class=\"wp-block-spacer\"><\/div>\n\n\n\n<p><\/p>\n<\/div>\n\n\n\n<div class=\"wp-block-column is-layout-flow wp-block-column-is-layout-flow\">\n<h2 class=\"wp-block-heading\">Training<\/h2>\n\n\n\n<hr class=\"wp-block-separator has-css-opacity\"\/>\n\n\n\n<p>Dance is for Magali Sander Fett expression and communication with others. Trained at the Folkwang University in Essen, their teaching is influenced by the principles of graham and lim\u00f3n technology. In her trainings and workshops, she pursues the movement principles of body, time and space, with the aim of getting into a flowing energy and expanding her own movement qualities with imagination. She gives improvisation and composition workshops and teaches classical ballet and modern dance.<\/p>\n\n\n\n<hr class=\"wp-block-separator has-css-opacity\"\/>\n\n\n\n<p><a rel=\"noreferrer noopener\" href=\"https:\/\/www.tanzwerk-bremen.de\/kurse-1\/#Textanker12\" target=\"_blank\">Contemporary Ballet, Wednesdays 8:30-10:00<\/a><\/p>\n\n\n\n<p><a href=\"https:\/\/www.tanzwerk-bremen.de\/kurse-1\/#Textanker20\" target=\"_blank\" rel=\"noreferrer noopener\">Modern Contemporary, Thursdays 08:30 \u2013 10:00<\/a><\/p>\n\n\n\n<div style=\"height:25px\" aria-hidden=\"true\" class=\"wp-block-spacer\"><\/div>\n\n\n\n<h2 class=\"wp-block-heading\">Productions<\/h2>\n\n\n\n<hr class=\"wp-block-separator has-css-opacity\"\/>\n\n\n\n<div class=\"wp-block-group\"><div class=\"wp-block-group__inner-container is-layout-flow wp-block-group-is-layout-flow\">\n<p><a href=\"http:\/\/tanzkollektivbremen.de\/en\/kollektiv\/#chorus\">Chorus<\/a><\/p>\n\n\n\n<p><a rel=\"noreferrer noopener\" href=\"http:\/\/tanzkollektivbremen.de\/en\/kollektiv\/#koerperschau\" target=\"_blank\">K\u00f6rperschau<\/a><\/p>\n\n\n\n<p><a href=\"http:\/\/tanzkollektivbremen.de\/en\/kollektiv\/#another-body\" target=\"_blank\" rel=\"noreferrer noopener\">Another Body<\/a><\/p>\n\n\n\n<p><a rel=\"noreferrer noopener\" href=\"http:\/\/tanzkollektivbremen.de\/en\/kollektiv\/#kick-rush\" target=\"_blank\">Kick &amp; Rush!<\/a><\/p>\n\n\n\n<p><a rel=\"noreferrer noopener\" aria-label=\"2D \u2013 dramatic dimensions (\u00f6ffnet in neuem Tab)\" href=\"https:\/\/vimeo.com\/402185859\" target=\"_blank\">2D \u2013 dramatic dimensions<\/a><\/p>\n\n\n\n<p><a href=\"https:\/\/vimeo.com\/306553541\">Anne, Hale, B\u00e8la &amp; Maria<\/a><\/p>\n\n\n\n<p><a href=\"http:\/\/tanzkollektivbremen.de\/en\/kollektiv\/#ddk\" target=\"_blank\" rel=\"noreferrer noopener\" aria-label=\"Dialog der K\u00f6rper (\u00f6ffnet in neuem Tab)\">Dialog der K\u00f6rper<\/a><\/p>\n\n\n\n<p><a rel=\"noreferrer noopener\" aria-label=\"31 Skizzen (\u00f6ffnet in neuem Tab)\" href=\"https:\/\/vimeo.com\/296451005\" target=\"_blank\">31 Skizzen<\/a><\/p>\n\n\n\n<p><a rel=\"noreferrer noopener\" aria-label=\"And now with Music (\u00f6ffnet in neuem Tab)\" href=\"https:\/\/vimeo.com\/231574419\" target=\"_blank\">And now with Music<\/a><\/p>\n\n\n\n<p><a href=\"http:\/\/stormunddrang.de\/postcards.html\" target=\"_blank\" rel=\"noreferrer noopener\">Postcards from Bremerhaven<\/a><\/p>\n\n\n\n<p><a rel=\"noreferrer noopener\" aria-label=\"Schweres Wasser (\u00f6ffnet in neuem Tab)\" href=\"https:\/\/vimeo.com\/185002749\" target=\"_blank\">Schweres Wasser<\/a><\/p>\n\n\n\n<p><a rel=\"noreferrer noopener\" aria-label=\"Corvus \u2013 Second Nature (\u00f6ffnet in neuem Tab)\" href=\"https:\/\/vimeo.com\/129650210\" target=\"_blank\">Corvus \u2013 Second Nature<\/a><\/p>\n\n\n\n<p><a rel=\"noreferrer noopener\" aria-label=\"Street Art Project \u2013 Allowed to play (\u00f6ffnet in neuem Tab)\" href=\"https:\/\/vimeo.com\/117384575\" target=\"_blank\">Street Art Project \u2013 Allowed to play<\/a><\/p>\n\n\n\n<p><a rel=\"noreferrer noopener\" aria-label=\"Breu (\u00f6ffnet in neuem Tab)\" href=\"https:\/\/vimeo.com\/86553209\" target=\"_blank\">Breu<\/a><\/p>\n\n\n\n<p><a rel=\"noreferrer noopener\" aria-label=\"Small Stories (\u00f6ffnet in neuem Tab)\" href=\"https:\/\/vimeo.com\/61103621\" target=\"_blank\">Small Stories<\/a><\/p>\n\n\n\n<p><a rel=\"noreferrer noopener\" aria-label=\"Forma (\u00f6ffnet in neuem Tab)\" href=\"https:\/\/vimeo.com\/59298277\" target=\"_blank\">Forma<\/a><\/p>\n<\/div><\/div>\n<\/div>\n<\/div>\n\n\n\n<div style=\"height:70px\" aria-hidden=\"true\" class=\"wp-block-spacer\"><\/div>\n\n\n\n<p><\/p>","protected":false},"excerpt":{"rendered":"<p>Magali Sander Fett, geboren in Brasilien, studierte Kommunikationswissenschaften und absolvierte eine Balletausbildung in  Porto Alegre. Anschlie\u00dfend studierte sie Tanz an der Folkwang Hochschule  in Essen. Sie arbeitete mit verschiedenen Choreografen u.a. mit  Rodolpho Leoni, Susanne Linke, Emanuel Gat und Tero Saarinen. <\/p>","protected":false},"author":1,"featured_media":0,"parent":0,"menu_order":0,"comment_status":"closed","ping_status":"closed","template":"","meta":{"footnotes":""},"class_list":["post-6234","page","type-page","status-publish","hentry"],"_links":{"self":[{"href":"http:\/\/tanzkollektivbremen.de\/en\/wp-json\/wp\/v2\/pages\/6234","targetHints":{"allow":["GET"]}}],"collection":[{"href":"http:\/\/tanzkollektivbremen.de\/en\/wp-json\/wp\/v2\/pages"}],"about":[{"href":"http:\/\/tanzkollektivbremen.de\/en\/wp-json\/wp\/v2\/types\/page"}],"author":[{"embeddable":true,"href":"http:\/\/tanzkollektivbremen.de\/en\/wp-json\/wp\/v2\/users\/1"}],"replies":[{"embeddable":true,"href":"http:\/\/tanzkollektivbremen.de\/en\/wp-json\/wp\/v2\/comments?post=6234"}],"version-history":[{"count":38,"href":"http:\/\/tanzkollektivbremen.de\/en\/wp-json\/wp\/v2\/pages\/6234\/revisions"}],"predecessor-version":[{"id":7653,"href":"http:\/\/tanzkollektivbremen.de\/en\/wp-json\/wp\/v2\/pages\/6234\/revisions\/7653"}],"wp:attachment":[{"href":"http:\/\/tanzkollektivbremen.de\/en\/wp-json\/wp\/v2\/media?parent=6234"}],"curies":[{"name":"wp","href":"https:\/\/api.w.org\/{rel}","templated":true}]}}